{"id":2255,"date":"2022-08-04T18:22:59","date_gmt":"2022-08-04T16:22:59","guid":{"rendered":"https:\/\/rigo-cranes.xeeve.com\/?page_id=2255"},"modified":"2022-08-04T18:24:27","modified_gmt":"2022-08-04T16:24:27","slug":"cookies-policy","status":"publish","type":"page","link":"https:\/\/www.rigo-cranes.com\/it\/cookies-policy\/","title":{"rendered":"Cookies Policy"},"content":{"rendered":"\t\t<div data-elementor-type=\"wp-page\" data-elementor-id=\"2255\" class=\"elementor elementor-2255\">\n\t\t\t\t\t\t\t\t\t<section class=\"elementor-section elementor-top-section elementor-element elementor-element-3ec1cb17 elementor-section-boxed elementor-section-height-default elementor-section-height-default\" data-id=\"3ec1cb17\" data-element_type=\"section\">\n\t\t\t\t\t\t<div class=\"elementor-container elementor-column-gap-default\">\n\t\t\t\t\t<div class=\"elementor-column elementor-col-100 elementor-top-column elementor-element elementor-element-2d9ba9b0\" data-id=\"2d9ba9b0\" data-element_type=\"column\">\n\t\t\t<div class=\"elementor-widget-wrap elementor-element-populated\">\n\t\t\t\t\t\t\t\t<div class=\"elementor-element elementor-element-65ec7d9c elementor-widget elementor-widget-text-editor\" data-id=\"65ec7d9c\" data-element_type=\"widget\" data-widget_type=\"text-editor.default\">\n\t\t\t\t<div class=\"elementor-widget-container\">\n\t\t\t<style>\/*! elementor - v3.8.1 - 13-11-2022 *\/\n.elementor-widget-text-editor.elementor-drop-cap-view-stacked .elementor-drop-cap{background-color:#818a91;color:#fff}.elementor-widget-text-editor.elementor-drop-cap-view-framed .elementor-drop-cap{color:#818a91;border:3px solid;background-color:transparent}.elementor-widget-text-editor:not(.elementor-drop-cap-view-default) .elementor-drop-cap{margin-top:8px}.elementor-widget-text-editor:not(.elementor-drop-cap-view-default) .elementor-drop-cap-letter{width:1em;height:1em}.elementor-widget-text-editor .elementor-drop-cap{float:left;text-align:center;line-height:1;font-size:50px}.elementor-widget-text-editor .elementor-drop-cap-letter{display:inline-block}<\/style>\t\t\t\t<div>\n<p><strong>per il sito: <\/strong><span style=\"text-decoration: underline;\"><a href=\"http:\/\/www.rigo.com\/\" target=\"_top\">www.rigo.com e www.rigo-cranes.com<\/a><\/span><\/p>\n<p><br><br><\/p>\n<p><strong>Come vengono usati i Cookies dal nostro sito<\/strong><\/p>\n<p>Nel nostro sito web utilizziamo i cookies e strumenti analoghi per migliorare le prestazioni e migliorare l&#8217;esperienza dell&#8217;utente. Questo documento spiega come ci\u00f2 viene fatto.<\/p>\n\n<p><strong>Cosa sono i Cookies?<\/strong><\/p>\n<p>I cookies sono piccoli file di testo che un sito web pu\u00f2 mettere sul tuo computer o dispositivo mobile la prima volta che si visita un sito o una pagina. Il cookie consente al sito web di riconoscere il dispositivo la volta successiva che lo si visita o memorizzare la preferenza della lingua scelta. Usiamo il termine &#8220;cookies&#8221; in questo documento per fare riferimento a tutti i file che raccolgono le informazioni in questo modo.<\/p>\n<p>Alcuni cookies contengono informazioni personali &#8211; per esempio, se si fa clic su &#8220;ricordati di me&#8221; quando si sta eseguendo un&#8217;autenticazione, il tuo nome utente verr\u00e0 memorizzato in un cookie. La maggior parte dei cookies non raccoglie informazioni che ti identificano, raccoglie invece informazioni pi\u00f9 generali come ad esempio il modo in cui gli utenti sono arrivati al nostro sito, come lo utilizzano, o la posizione generica di un utente.<\/p>\n\n<p><strong>Quale tipo di cookies usa questo sito?<\/strong><\/p>\n<p>In generale, i nostri cookies svolgono fino a tre diverse funzioni principali:<\/p>\n<p>1.&nbsp;<em>Cookies essenziali per il funzionamento del sito<\/em><\/p>\n<p>Alcuni cookies sono essenziali per il funzionamento del nostro sito. Ad esempio, ci permettono di individuare e far s\u00ec che gli utenti registrati possano accedere alle pagine riservate. Se un utente sceglie di disabilitare i cookies nelle impostazioni del browser, non sar\u00e0 in grado di accedere a tutti i contenuti contenuti nelle pagine riservate o di navigare nel sito.<\/p>\n<p>2.<em>Cookies per le analisi delle performance<\/em><\/p>\n<p>Utilizziamo anche cookie per analizzare come i nostri utenti navigano nel nostro sito e per monitorare le prestazioni del sito web. Ad esempio, si potrebbe utilizzare i cookies per tenere traccia di quali sono le pagine pi\u00f9 popolari, quale metodo di collegamento tra le pagine \u00e8 il pi\u00f9 efficace, e per determinare il motivo di alcuni errori che si possono verificare<\/p>\n<p>3.<em>Cookies funzionali<\/em><\/p>\n<p>Questo tipo di cookies ci permettono di ricordare le vostre preferenze. Ad esempio, i cookies ti risparmiano la fatica di digitare il tuo nome utente ogni volta che accedi al sito, e permettono di caricare le tue preferenze di personalizzazione del sito. Utilizziamo questi cookies anche per fornire servizi avanzati, quali la possibilit\u00e0 di guardare un video online o di inviare un commento ad un blog.<\/p>\n<p><br><br><\/p>\n<p>A scopo informativo elenchiamo anche i seguenti Cookies che non vengono utilizzati nel nostro sito.<\/p>\n<p><em>Cookies di targeting e pubblicitari<\/em><\/p>\n<p>Questi cookies, non utilizzati in questo sito, vengono usati da terze parti per offrire la pubblicit\u00e0 pi\u00f9 rilevante per voi e per i vostri interessi. Sono anche utilizzati per limitare il numero di volte in cui si vede una pubblicit\u00e0 cos\u00ec come metro di qualit\u00e0 per definire l&#8217;efficacia di una campagna pubblicitaria. Facciamo notare che alcune terze parti intrecciano i dati raccolti, ad esempio: dati di geo-localizzazione (insite negli apparati mobili), dati di login ai servizi di terzi, dati recuperati dai siti che utilizzano le loro risorse (tipo Google Analytics) potrebbero utilizzare tali dati per campagne pubblicitarie personalizzate. Eventuali richieste per la cancellazione di tali dati vanno inoltrate alle terze parti.<\/p>\n\n<p><strong>Cookie utilizzati da questo sito e loro finalit\u00e0<\/strong><\/p>\n<p>Questo sito utilizza i seguenti cookie tecnici, che vengono installati automaticamente a seguito dell\u2019accesso al sito, per le finalit\u00e0 indicate in relazione a ciascuno di essi:<\/p>\n<p>SessionID: ha la finalit\u00e0 di velocizzare la navigazione del sito; \u00e8 un cookie di sessione, che decade alla fine di ogni sessione di navigazione;<\/p>\n<p>Sess: questo cookie ha per finalit\u00e0 la memorizzazione temporanea di dati per fare in modo che le eventuali informazioni inserite siano disponibili anche al cambio pagina.<\/p>\n<p><span style=\"text-decoration: underline;\">Google Analytics:<\/span><\/p>\n<p><br><br><\/p>\n<\/div>\n<table width=\"643\" cellspacing=\"0\" cellpadding=\"4\" border=\"1\">\n<colgroup>\n<col width=\"633\"><\/colgroup>\n<tbody>\n<tr>\n<td width=\"633\" valign=\"top\">\n<p>__utma | Usato per definire utente e sessione. Il cookie \u00e8 creato quando la libreria javascript viene eseguita e non esiste gi\u00e0 il cookie __utma.<\/p>\n<\/td>\n<\/tr>\n<tr>\n<td width=\"633\" valign=\"top\">\n<p>__utmb | Usato per definire se la tipologia di sessione \u00e8 nuova o di ritorno. Il cookie \u00e8 creato quando la libreria javascript viene eseguita e non trova il cookie __utmb.<\/p>\n<\/td>\n<\/tr>\n<tr>\n<td width=\"633\" valign=\"top\" height=\"15\">\n<p>__utmc | Non \u00e8 utilizzato nelle libreria ga.js, viene impostato per interazione con urchin.js. Cookie che lavora in collaborazione con il cookie __utmb serve per verificare se l\u2019utente \u00e8 ad una prioma visita al sito. Serve per gestire le richieste al servizio di Google Analytics.<\/p>\n<\/td>\n<\/tr>\n<tr>\n<td width=\"633\" valign=\"top\">\n<p>__utmt | Usato per determinare e memorizzare il referente del traffico o la campagna di inoltro.<\/p>\n<\/td>\n<\/tr>\n<tr>\n<td width=\"633\" valign=\"top\">\n<p>__utmz | Utilizzato per capire come l\u2019utente ha raggiunto il dominio. Il cookie \u00e8 creato quando la libreria javascript viene eseguita.<\/p>\n<\/td>\n<\/tr>\n<\/tbody>\n<\/table>\n<p><br><br><\/p>\n<p><strong><a href=\"https:\/\/developers.google.com\/analytics\/devguides\/collection\/analyticsjs\/cookie-usage\" target=\"_top\">Ulteriori informazioni su l&#8217;uso di Google Analytics<\/a><\/strong><\/p>\n\n<p><strong><span xml:lang=\"en-US\" lang=\"en-US\"><span style=\"text-decoration: underline;\">Google Maps:<\/span><\/span><\/strong><\/p>\n<p xml:lang=\"en-US\" lang=\"en-US\">khcookie, APISID, S_awfe, SSID, SS, SID, SAPISID, PREF<\/p>\n<p>Diversi identificatori univoci, ad eccezione di PREF memorizzano le opzioni come ad esempio il livello di zoom preferito. La maggior parte dei cookie scadono 10 anni dopo l&#8217;ultima visita ad una pagina contenente una mappa di Google. Google Map utilizza un certo numero di cookie nelle pagine che contengono una mappa. Anche se non abbiamo alcun controllo sui cookies impostati da Google, sembra che questi includano un mix di informazioni per misurare il numero e il comportamento degli utenti della Maps.<\/p>\n<p><br><br><\/p>\n<p><span style=\"text-decoration: underline;\">WebCeo:<\/span><\/p>\n<p>Strumento di analisi del traffico del sito, che raccoglie informazioni in forma aggregata ed anonima utilizzando le informazioni raccolte dai cookie per tracciare le pagine del sito visitate, i browser utilizzati e altre informazioni sulle attivit\u00e0 degli utenti durante la visita al sito.<\/p>\n<p><br><br><\/p>\n<p>Altri cookies forniti da terzi ad esempio per gestire le ordinazioni\/pagamenti vengono rilasciati da terze parti (es. pagamenti effettuati con Paypal o con carta di credito)<\/p>\n<p><br><br><\/p>\n<p><strong>I cookies di questo sito vengono usati da qualcun&#8217;altro?<\/strong><\/p>\n<p>Permettiamo a terzi di utilizzare cookies che rientrano nelle prime tre categorie di cui sopra. Ad esempio, come molte aziende, usiamo Google Analytics, Google Maps o WebCeo per monitorare il traffico del nostro sito web.<\/p>\n<p>La gestione dei reclami e sar\u00e0 generalmente strettamente legata a chi divulga tale servizio.<\/p>\n\n<p><strong>Pu\u00f2 un utente bloccare i cookies?<\/strong><\/p>\n<p>Come abbiamo spiegato in precedenza, i cookies aiutano a ottenere il massimo dal nostro sito web.<\/p>\n<p>Puoi verificare i cookies raccolti dal tuo browser. Puoi cancellare i cookies gi\u00e0 presenti nel computer e impostare quasi tutti i browser in modo da bloccarne l\u2019installazione.<\/p>\n<p>La prima volta che si accede al nostro sito web, viene mostrato un messaggio che spiega che, continuando ad accedere al sito web, si acconsente all&#8217;utilizzo dei cookies.<\/p>\n<p><strong><span style=\"text-decoration: underline;\">Non \u00e8 prevista la disattivazione dei cookies, da parte nostra, poich\u00e9 la stessa pu\u00f2 essere impostata dagli utenti finali attraverso le impostazioni del browser utilizzato.<\/span><\/strong><\/p>\n<p><strong>Modalit\u00e0 di disattivazione Cookies:<\/strong><\/p>\n<p><em><span style=\"text-decoration: underline;\">Google Chrome<\/span><\/em><\/p>\n<p>1. Aprire Google Chrome<\/p>\n<p>2. Selezionare l&#8217;icona del menu Chrome .<\/p>\n<p>3. Selezionare Impostazioni.<\/p>\n<p>4. Nella parte inferiore della pagina, selezionare Mostra impostazioni avanzate.<\/p>\n<p>5. Nella sezione &#8220;Privacy&#8221;, selezionare Impostazioni contenuti.<\/p>\n<p>6. Selezionare Impedisci ai siti di impostare dati.<\/p>\n<p>7. Cliccare su Fine.<\/p>\n<p>&nbsp;<\/p>\n<p><em><span style=\"text-decoration: underline;\">Mozilla Firefox<\/span><\/em><\/p>\n<p>1. Aprire Mozilla Firefox<\/p>\n<p>2. Premere il pulsante \u201cAlt\u201d sulla tastiera<\/p>\n<p>3. Selezionare \u201cStrumenti\u201d, \u201cOpzioni\u201d, \u201cPrivacy\u201d nella barra degli strumenti posta nella parte<\/p>\n<p>superiore del browser<\/p>\n<p>4. Posizionarsi su \u201cImpostazioni Cronologia:\u201d e poi su \u201cUtilizza impostazioni personalizzate\u201d .<\/p>\n<p>5. Infine, deselezionare l\u2019opzione \u201cAccetta i cookie dai siti\u201d e salvare le preferenze.<\/p>\n<p>&nbsp;<\/p>\n<p><em><span style=\"text-decoration: underline;\">Internet Explorer:<\/span><\/em><\/p>\n<p>1. Aprire Internet Explorer<\/p>\n<p>2. Cliccare su \u201cStrumenti\u201d, \u201cOpzioni Internet\u201d, \u201cPrivacy\u201d e scegli sul dispositivo di scorrimento il<\/p>\n<p>livello di privacy che ritieni ottmale (verso l\u2019alto per bloccare tutti i cookies o, verso il basso<\/p>\n<p>per accettarli tutti)<\/p>\n<p>3. Cliccare OK<\/p>\n<p>&nbsp;<\/p>\n<p><em><span style=\"text-decoration: underline;\">Safari<\/span><\/em><\/p>\n<p>1. Aprire Safari<\/p>\n<p>2. Scegliere \u201cPreferenze\u201d, \u201cSicurezza\u201d<\/p>\n<p>3. Nella sezione \u201cAccetta cookie\u201d \u00e8 possibile specificare se e quando Safari deve salvare i<\/p>\n<p>cookies dai siti web. Per ulteriori informazioni cliccare sul pulsante di Aiuto (indicato da un<\/p>\n<p>punto interrogativo)<\/p>\n<p>4. Per maggiori informazioni sui cookies che vengono memorizzati sul vostro computer,<\/p>\n<p>cliccare su \u201cMostra cookie\u201d<\/p>\n<p>&nbsp;<\/p>\n<p>N.B,<\/p>\n<p>La disattivazione dei cookies non permetter\u00e0 di inviare ordini di acquisto, richieste di contatto dai form ed utilizzare altre funzionalit\u00e0 del sito stesso<\/p>\n<p><em><span style=\"text-decoration: underline;\">Per altri browser fare riferimento alle istruzioni del browser stesso.<\/span><\/em><\/p>\n\n<p><strong>Dati di servizio dei server utilizzati<\/strong><\/p>\n<p>Durante l&#8217;utilizzo da parte dell&#8217;utente del sito e\/o la visualizzazione di contenuti, raccogliamo e memorizziamo automaticamente alcune informazioni nei log del server.<\/p>\n<p>Queste informazioni comprendono:<\/p>\n<p>Dati sulla modalit\u00e0 di utilizzo del sito, come le query di ricerca.<\/p>\n<p>Indirizzo di protocollo Internet.<\/p>\n<p>Informazioni sulla attivit\u00e0 del dispositivo quali arresti anomali, attivit\u00e0 di sistema, impostazioni hardware, tipo di browser e lingua, data e ora delle richieste e degli URL di riferimento.<\/p>\n<p>Cookie che potrebbero identificare in modo univoco il browser o l&#8217;account dell&#8217;utente.<\/p>\n<p><strong>Titolare del trattamento.<\/strong><\/p>\n<p>Diritti dell\u2019interessato.<\/p>\n<p>Ai sensi dell\u2019art. 7 Codice Privacy, in qualsiasi momento l\u2019interessato ha diritto di ottenere la conferma dell\u2019esistenza o meno dei dati che lo riguardano e di conoscerne il contenuto e l\u2019origine, di verificarne l\u2019esattezza o chiederne l\u2019integrazione o l\u2019aggiornamento, oppure la rettificazione. Ha altres\u00ec il diritto di chiedere la cancellazione, la trasformazione in forma anonima o il blocco dei dati trattati in violazione di legge, nonch\u00e9 di opporsi per motivi legittimi al trattamento dei dati che la riguardano.<\/p>\n<p>Le relative richieste vanno rivolte a:<\/p>\n<p><strong>AUTOGRU RIGO S.r.l.<\/strong><\/p>\n<p><strong>Via Casetta 241\/A &#8211; 37015 Domegliara &#8211; (Verona) &#8211; ITALY<\/strong><\/p>\n<p><strong>P. IVA 00228090239<\/strong><\/p>\n<p>&nbsp;<\/p>\n<p>o, al seguente indirizzo mail: <span style=\"text-decoration: underline;\"><span id=\"cloaka62e14353efe448e6faad208052fcc31\"><a href=\"mailto:info@rigo.com\" target=\"_top\">info@rigo.com<\/a><\/span><script type=\"text\/javascript\">document.getElementById('cloaka62e14353efe448e6faad208052fcc31').innerHTML='';var prefix='&#109;a'+'i&#108;'+'&#116;o';var path='hr'+'ef'+'=';var addya62e14353efe448e6faad208052fcc31='&#105;nf&#111;'+'&#64;';addya62e14353efe448e6faad208052fcc31=addya62e14353efe448e6faad208052fcc31+'r&#105;g&#111;'+'&#46;'+'c&#111;m';var addy_texta62e14353efe448e6faad208052fcc31='&#105;nf&#111;'+'&#64;'+'r&#105;g&#111;'+'&#46;'+'c&#111;m';document.getElementById('cloaka62e14353efe448e6faad208052fcc31').innerHTML+='<a '+path+'\\''+prefix+':'+addya62e14353efe448e6faad208052fcc31+'\\' target=\"_top\">'+addy_texta62e14353efe448e6faad208052fcc31+'<\\\/a>';<\/script><\/span><\/p>\n<p>&nbsp;<\/p>\n<p>Questo documento costituisce la <em>&#8220;Cookies Policy<\/em>&#8221; di questo sito che sar\u00e0 soggetta a futuri aggiornamenti a norma di legge.<\/p>\n<p>&nbsp;<\/p>\t\t\t\t\t\t<\/div>\n\t\t\t\t<\/div>\n\t\t\t\t\t<\/div>\n\t\t<\/div>\n\t\t\t\t\t\t\t<\/div>\n\t\t<\/section>\n\t\t\t\t\t\t\t<\/div>\n\t\t","protected":false},"excerpt":{"rendered":"<p>per il sito: www.rigo.com e www.rigo-cranes.com Come vengono usati i Cookies dal nostro sito Nel nostro sito web utilizziamo i cookies e strumenti analoghi per migliorare le prestazioni e migliorare l&#8217;esperienza dell&#8217;utente. Questo documento spiega come ci\u00f2 viene fatto. Cosa sono i Cookies? I cookies sono piccoli file di testo che un sito web pu\u00f2 &hellip;<\/p>\n<p class=\"read-more\"> <a class=\"\" href=\"https:\/\/www.rigo-cranes.com\/it\/cookies-policy\/\"> <span class=\"screen-reader-text\">Cookies Policy<\/span> Leggi altro &raquo;<\/a><\/p>\n","protected":false},"author":1,"featured_media":0,"parent":0,"menu_order":0,"comment_status":"closed","ping_status":"open","template":"","meta":{"site-sidebar-layout":"default","site-content-layout":"default","ast-global-header-display":"","ast-main-header-display":"","ast-hfb-above-header-display":"","ast-hfb-below-header-display":"","ast-hfb-mobile-header-display":"","site-post-title":"","ast-breadcrumbs-content":"","ast-featured-img":"","footer-sml-layout":"","theme-transparent-header-meta":"","adv-header-id-meta":"","stick-header-meta":"","header-above-stick-meta":"","header-main-stick-meta":"","header-below-stick-meta":"","footnotes":""},"class_list":["post-2255","page","type-page","status-publish","hentry"],"_links":{"self":[{"href":"https:\/\/www.rigo-cranes.com\/it\/wp-json\/wp\/v2\/pages\/2255","targetHints":{"allow":["GET"]}}],"collection":[{"href":"https:\/\/www.rigo-cranes.com\/it\/wp-json\/wp\/v2\/pages"}],"about":[{"href":"https:\/\/www.rigo-cranes.com\/it\/wp-json\/wp\/v2\/types\/page"}],"author":[{"embeddable":true,"href":"https:\/\/www.rigo-cranes.com\/it\/wp-json\/wp\/v2\/users\/1"}],"replies":[{"embeddable":true,"href":"https:\/\/www.rigo-cranes.com\/it\/wp-json\/wp\/v2\/comments?post=2255"}],"version-history":[{"count":4,"href":"https:\/\/www.rigo-cranes.com\/it\/wp-json\/wp\/v2\/pages\/2255\/revisions"}],"predecessor-version":[{"id":2259,"href":"https:\/\/www.rigo-cranes.com\/it\/wp-json\/wp\/v2\/pages\/2255\/revisions\/2259"}],"wp:attachment":[{"href":"https:\/\/www.rigo-cranes.com\/it\/wp-json\/wp\/v2\/media?parent=2255"}],"curies":[{"name":"wp","href":"https:\/\/api.w.org\/{rel}","templated":true}]}}