{"id":3,"date":"2022-07-30T09:46:36","date_gmt":"2022-07-30T07:46:36","guid":{"rendered":"https:\/\/rigo-cranes.xeeve.com\/?page_id=3"},"modified":"2022-08-02T18:18:49","modified_gmt":"2022-08-02T16:18:49","slug":"privacy-policy","status":"publish","type":"page","link":"https:\/\/www.rigo-cranes.com\/it\/privacy-policy\/","title":{"rendered":"Privacy Policy"},"content":{"rendered":"\t\t<div data-elementor-type=\"wp-page\" data-elementor-id=\"3\" class=\"elementor elementor-3\">\n\t\t\t\t\t\t\t\t\t<section class=\"elementor-section elementor-top-section elementor-element elementor-element-3ec1cb17 elementor-section-boxed elementor-section-height-default elementor-section-height-default\" data-id=\"3ec1cb17\" data-element_type=\"section\">\n\t\t\t\t\t\t<div class=\"elementor-container elementor-column-gap-default\">\n\t\t\t\t\t<div class=\"elementor-column elementor-col-100 elementor-top-column elementor-element elementor-element-2d9ba9b0\" data-id=\"2d9ba9b0\" data-element_type=\"column\">\n\t\t\t<div class=\"elementor-widget-wrap elementor-element-populated\">\n\t\t\t\t\t\t\t\t<div class=\"elementor-element elementor-element-65ec7d9c elementor-widget elementor-widget-text-editor\" data-id=\"65ec7d9c\" data-element_type=\"widget\" data-widget_type=\"text-editor.default\">\n\t\t\t\t<div class=\"elementor-widget-container\">\n\t\t\t<style>\/*! elementor - v3.8.1 - 13-11-2022 *\/\n.elementor-widget-text-editor.elementor-drop-cap-view-stacked .elementor-drop-cap{background-color:#818a91;color:#fff}.elementor-widget-text-editor.elementor-drop-cap-view-framed .elementor-drop-cap{color:#818a91;border:3px solid;background-color:transparent}.elementor-widget-text-editor:not(.elementor-drop-cap-view-default) .elementor-drop-cap{margin-top:8px}.elementor-widget-text-editor:not(.elementor-drop-cap-view-default) .elementor-drop-cap-letter{width:1em;height:1em}.elementor-widget-text-editor .elementor-drop-cap{float:left;text-align:center;line-height:1;font-size:50px}.elementor-widget-text-editor .elementor-drop-cap-letter{display:inline-block}<\/style>\t\t\t\t<p><em><i>INDICE<\/i><\/em><\/p>\n<p><a href=\"\/privacy-policy#1b\"><strong>PREMESSA<\/strong><\/a><\/p>\n<p><a href=\"\/privacy-policy#1\"><strong>IL TITOLARE DEL TRATTAMENTO<\/strong><\/a><\/p>\n<p><a href=\"\/privacy-policy\/#1a\"><strong>RESPONSABILI ED INCARICATI DEL TRATTAMENTO ED AMBITO DI DIFFUSIONE DEI DATI<\/strong><\/a><\/p>\n<p><a href=\"\/privacy-policy\/#2\"><strong>LUOGO DI TRATTAMENTO DEI DATI<\/strong><\/a><\/p>\n<p><a href=\"\/privacy-policy\/#3\"><strong>TIPOLOGIA DI DATI TRATTATI E FINALITA\u2019 DEL TRATTAMENTO<\/strong><\/a><\/p>\n<p><a href=\"\/privacy-policy\/#4\"><strong>FACOLTATIVITA\u2019 DEL CONFERIMENTO DEI DATI<\/strong><\/a><\/p>\n<p><a href=\"\/privacy-policy\/#5\"><strong>MODALITA\u2019 DEL TRATTAMENTO<\/strong><\/a><\/p>\n<p><a href=\"\/privacy-policy\/#6\"><strong>DIRITTI DEGLI INTERESSATI<\/strong><\/a><\/p>\n<p><strong>PREMESSA<\/strong><\/p>\n<p>In questa pagina si descrivono le modalit\u00e0 e le logiche del trattamento dei dati personali degli utenti (di seguito, anche gli Utenti) che consultano il sito: www.rigo-cranes.com (di seguito, anche il Sito). L\u2019informativa \u00e8 resa ai sensi del Reg. n. 679\/2016\/CE a tutti gli Utenti che, interagendo con il Sito, forniscono alla ditta Autogru Rigo s.r.l. i propri dati personali. La validit\u00e0 dell\u2019informativa contenuta nella presente pagina \u00e8 limitata al solo Sito e non si estende ad altri siti web eventualmente consultabili mediante collegamento ipertestuale.<br \/><a href=\"\/privacy-policy\/#indice\">Torna all&#8217;indice<\/a><\/p>\n<p><a id=\"1\" name=\"1\"><\/a><strong>IL TITOLARE DEL TRATTAMENTO<\/strong><\/p>\n<p><i>Il Titolare del trattamento per i dati raccolti attraverso il Sito \u00e8 la ditta Autogru Rigo s.r.l. con sede in Via Casetta, 241\/A -37015 Domegliara di Sant\u2019Ambrogio Valp. VR, Cod. Fiscale 00228090239 e P. IVA 00228090239- indirizzo e-mail <span id=\"cloake1764832596a0dca140dfa9c2ff875b3\"><a href=\"mailto:ammin@rigo.com\">ammin@rigo.com<\/a><\/span><\/i><br \/><a href=\"\/privacy-policy\/#indice\">Torna all&#8217;indice<\/a><\/p>\n<p><a id=\"1a\" name=\"1a\"><\/a><strong>RESPONSABILI ED INCARICATI DEL TRATTAMENTO ED AMBITO DI DIFFUSIONE DEI DATI<\/strong><\/p>\n<p>Il Sig. <i>Maurizio Rigo<\/i>, nella sua qualit\u00e0 di Titolare della ditta <i>Autogru Rigo s.r.l.<\/i>, \u00e8 il Responsabile del trattamento ai sensi dell\u2019art. 29 ai sensi del Reg. n. 679\/2016\/CE ed \u00e8 anche responsabile per il riscontro all\u2019interessato in caso di esercizio dei diritti di cui all\u2019art. 7 del Codice privacy. I dati saranno trattati dal personale del Titolare, previa nomina dei dipendenti e dei collaboratori interessati ed Incaricati del trattamento. Eventuali soggetti terzi ai quali i dati potrebbero essere comunicati per l\u2019esecuzione di operazioni di trattamento connesse con le finalit\u00e0 specificate nella presente informativa, saranno preventivamente designati dal Titolare quali Responsabili del trattamento ai sensi dell\u2019art. 29 ai sensi del Reg. n. 679\/2016\/CE. I dati non formeranno oggetto di diffusione.<br \/><a href=\"\/privacy-policy\/#indice\">Torna all&#8217;indice<\/a><\/p>\n<p><a id=\"2\" name=\"2\"><\/a><strong>LUOGO DI TRATTAMENTO DEI DATI<\/strong><\/p>\n<p>I Dati sono trattati presso le sedi operative del Titolare ed in ogni altro luogo in cui le parti coinvolte nel trattamento siano localizzate. I trattamenti connessi ai servizi web o telematici erogati da questo sito hanno luogo presso la sede del provider selezionato per la pubblicazione del sito stesso e sono curati da personale tecnico incaricato. In caso di necessit\u00e0, i dati connessi al servizio di hosting possono essere trattati dal personale della societ\u00e0 che cura la manutenzione della parte tecnologica del sito. Per ulteriori informazioni, contattare il Titolare.<br \/><a href=\"\/privacy-policy\/#indice\">Torna all&#8217;indice<\/a><\/p>\n<p><a id=\"3\" name=\"3\"><\/a><strong>TIPOLOGIA DI DATI TRATTATI E FINALITA\u2019 DEL TRATTAMENTO<\/strong><\/p>\n<p>Tutti i dati personali forniti attraverso il Sito saranno trattati in modo lecito e secondo correttezza al fine di fornire i servizi richiesti nonch\u00e9 di rispondere alle comunicazioni ed alle domande degli Utenti, sempre nel perseguimento degli scopi della Societ\u00e0 cos\u00ec come previsti dalla Legge.<\/p>\n<p>Dati di navigazione. I sistemi informatici telematici e le procedure software preposte al funzionamento di questi siti web acquisiscono, nel corso del loro normale esercizio, alcuni dati personali la cui trasmissione \u00e8 implicita nell&#8217;uso dei protocolli di comunicazione di Internet. Si tratta di informazioni che non sono raccolte per essere associate a interessati identificati, ma che per loro stessa natura potrebbero, attraverso elaborazioni ed associazioni con dati detenuti da terzi, permettere di identificare gli utenti. In questa categoria di dati rientrano gli indirizzi IP o i nomi a dominio dei computer utilizzati dagli utenti che si connettono al sito, gli indirizzi in notazione URI (Uniform Resource Identifier) delle risorse richieste, l&#8217;orario della richiesta, il metodo utilizzato nel sottoporre la richiesta al server, la dimensione del file ottenuto in risposta, il codice numerico indicante lo stato della risposta data dal server (buon fine, errore, ecc.) ed altri parametri relativi al sistema operativo e all&#8217;ambiente informatico dell&#8217;utente. Questi dati vengono utilizzati al solo fine di ricavare informazioni statistiche anonime sull&#8217;uso del sito e per controllarne il corretto funzionamento. I dati potrebbero essere utilizzati per l&#8217;accertamento di responsabilit\u00e0 in caso di ipotetici reati informatici ai danni del sito<\/p>\n<p><strong>A) Natura del conferimento dei dati personali e conseguenze di un eventuale rifiuto di rispondere.<\/strong><\/p>\n<p>Attraverso il Sito, contestualmente all\u2019acquisto di un prodotto o alla richiesta di un\u2019informazione alla ditta <i>Autogru Rigo s.r.l.<\/i> gli Utenti forniscono a quest\u2019ultima il proprio nome, cognome, indirizzo, indirizzo e-mail, il numero ti telefono, cellulare e il Codice Fiscale per l\u2019espletamento del Servizio richiesto. Il conferimento dei dati personali \u00e8 facoltativo. L\u2019eventuale rifiuto di conferirli pu\u00f2 comportare l\u2019impossibilit\u00e0 di utilizzare il Sito e fruire dei relativi Servizi. L\u2019invio facoltativo, esplicito e volontario di posta elettronica agli indirizzi indicati su questo Sito comporta la successiva acquisizione dell\u2019indirizzo del mittente, necessario per rispondere alle richieste, nonch\u00e9 degli eventuali altri dati personali inseriti nella missiva.<\/p>\n<p><strong>B) Finalit\u00e0 del trattamento dei dati e base giuridica<\/strong><\/p>\n<ol>\n<li>\n<p>Il trattamento dei Suoi dati, raccolti ed archiviati in relazione alla richiesta di informazioni, preventivi e ordini, ha come base giuridica il suo consenso ed \u00e8 effettuato per le seguenti finalit\u00e0: <br \/>REDIGERE UN PREVENTIVO<\/p>\n<\/li>\n<li>\n<p>REDIGERE UN ORDINE<\/p>\n<\/li>\n<li>\n<p>FORNIRE LA MERCE ACQUISTATA<\/p>\n<\/li>\n<li>\n<p>FORNIRE ASSISTENZA POST-VENDITA<\/p>\n<\/li>\n<li>\n<p>FORNIRE IL SERVIZIO DI SPEDIZIONE<\/p>\n<\/li>\n<li>\n<p>FORNIRE IL SERVIZIO DI TRASPORTO E MONTAGGIO<\/p>\n<\/li>\n<li>\n<p>FORNIRE UN ARTIGIANO FALEGNAME, IDRAULICO, ELETTRICISTA, IMBIANCHINO, CARTONGESSISTA, PIASTRELLISTA, etc.<\/p>\n<\/li>\n<li>\n<p>PROCEDERE CON L\u2019ISCRIZIONE ALLA NEWSLETTER<\/p>\n<\/li>\n<li>\n<p>INVIARE COMUNICAZIONI DI TIPO COMMERCIALE e\/o PROMOZIONALE<\/p>\n<\/li>\n<\/ol>\n<p><strong>C) Comunicazione e diffusione dei dati<\/strong><\/p>\n<p>I dati saranno trattati dal personale del Titolare, previa nomina dei dipendenti e dei collaboratori interessati ed Incaricati del trattamento. Eventuali soggetti terzi ai quali i dati potrebbero essere comunicati per l\u2019esecuzione di operazioni di trattamento connesse con le finalit\u00e0 specificate nella presente informativa, saranno preventivamente designati dal Titolare quali Responsabili del trattamento ai sensi dell\u2019art. 29 del Reg. n. 679\/2016\/CE. I dati non formeranno oggetto di diffusione. I Dati Personali dell\u2019Utente possono essere utilizzati per la difesa da parte del Titolare in giudizio o nelle fasi propedeutiche alla sua eventuale instaurazione, da abusi nell\u2019utilizzo della stessa o dei servizi connessi da parte dell\u2019Utente. L\u2019Utente dichiara di essere consapevole che al Titolare potrebbe essere richiesto di rivelare i Dati su richiesta di:<\/p>\n<table border=\"1\" cellspacing=\"0\" cellpadding=\"7\">\n<tbody>\n<tr>\n<td>\n<p><br \/>Terzi fornitori e Societ\u00e0 che collaborano con <i>Autogru Rigo s.r.l.<\/i><\/p>\n<\/td>\n<td>\n<p><br \/>Erogazione di servizi (assistenza, manutenzione, consegna, spedizione prodotti, erogazione di servizi aggiuntivi, fornitori di prestazioni artigianali) connessi alla prestazione richiesta<\/p>\n<\/td>\n<\/tr>\n<tr>\n<td>\n<p><br \/>Istituti di credito e di pagamento digitale, Istituti bancari \/postali<br \/> <\/p>\n<\/td>\n<td>\n<p><br \/>Gestione di incassi, pagamenti, rimborsi connessi alla prestazione contrattuale<\/p>\n<\/td>\n<\/tr>\n<tr>\n<td>\n<p><br \/><br \/>Professionisti\/consulenti esterni e Societ\u00e0 di consulenza<br \/> <\/p>\n<\/td>\n<td>\n<p><br \/><br \/>Adempimento degli obblighi di legge, esercizio dei diritti, tutela dei diritti contrattuali, recupero del credito<br \/> <\/p>\n<\/td>\n<\/tr>\n<tr>\n<td>\n<p><br \/><br \/>Amministrazione finanziaria, Enti pubblici, Autorit\u00e0 Giudiziaria, Autorit\u00e0 di vigilanza e controllo<br \/> <\/p>\n<\/td>\n<td>\n<p><br \/><br \/>Adempimento degli obblighi di legge, difesa dei diritti; elenchi e registri tenuti da pubbliche Autorit\u00e0 o enti similari in base a specifica normativa, in relazione alla prestazione contrattuale<br \/> <\/p>\n<\/td>\n<\/tr>\n<tr>\n<td>\n<p><br \/>Soggetti formalmente delegati o aventi titolo giuridico riconosciuto<br \/> <\/p>\n<\/td>\n<td>\n<p><br \/>Rappresentanti legali, curatori, tutori, etc.<\/p>\n<\/td>\n<\/tr>\n<\/tbody>\n<\/table>\n<p><strong>D) Cookies<\/strong><\/p>\n<ul>\n<li>\n<p>I cookies sono piccoli file di testo che i siti visitati inviano al terminale dell\u2019Utente, dove vengono memorizzati, per poi essere ritrasmessi agli stessi siti alla visita successiva.<\/p>\n<\/li>\n<\/ul>\n<p><strong>Il Sito utilizza:<\/strong><\/p>\n<p><a href=\"https:\/\/www.rigo-cranes.com\/&lt;?php echo util::getProgramURL(); ?&gt;cookies\/\"><strong>Vedi pagina cookies esistente<\/strong><\/a><br \/><a href=\"\/privacy-policy\/#indice\">Torna all&#8217;indice<\/a><\/p>\n<p><strong>Durata dei cookie<\/strong><\/p>\n<p>Alcuni coockies \u201csopravvivono\u201d alla chiusura del <em>browser<\/em> e sono disponibili anche in successive visite dell\u2019utente. Questi cookie sono detti persistenti e la loro durata \u00e8 fissata dal server al momento della loro creazione. In alcuni casi \u00e8 fissata una scadenza, in altri casi la durata \u00e8 illimitata. Il nostro sito, in relazione a cui le informazioni sono memorizzate esclusivamente per finalit\u00e0 tecniche, non fa uso di cookie persistenti. Tuttavia, navigando sulle pagine del sito web, si pu\u00f2 interagire con siti gestiti da terze parti che possono creare o modificare cookie permanenti e di profilazione. La disabilitazione dei cookies di sessione comporter\u00e0 l\u2019impossibilit\u00e0 per l\u2019Utente di autenticarsi in vista dell\u2019accesso all\u2019area riservata del Sito.<br \/><a href=\"\/privacy-policy\/#indice\">Torna all&#8217;indice<\/a><\/p>\n<p><a id=\"4\" name=\"4\"><\/a><strong>FACOLTATIVITA\u2019 DEL CONFERIMENTO DEI DATI<\/strong><\/p>\n<p>Il conferimento dei dati attraverso ordini e preventivi ovvero le comunicazioni trasmesse su base volontaria dallo stesso Utente, ha sempre natura facoltativa; tuttavia, in caso di mancato conferimento dei dati contrassegnati come obbligatori quali Nome, Cognome, indirizzo e-mail, il numero ti telefono cellulare e il Codice Fiscale, la ditta <i>Autogru Rigo s.r.l.<\/i> non sar\u00e0 in grado di fornire all\u2019Utente il servizio di volta in volta richiesto.<\/p>\t\t\t\t\t\t<\/div>\n\t\t\t\t<\/div>\n\t\t\t\t\t<\/div>\n\t\t<\/div>\n\t\t\t\t\t\t\t<\/div>\n\t\t<\/section>\n\t\t\t\t\t\t\t<\/div>\n\t\t","protected":false},"excerpt":{"rendered":"<p>INDICE PREMESSA IL TITOLARE DEL TRATTAMENTO RESPONSABILI ED INCARICATI DEL TRATTAMENTO ED AMBITO DI DIFFUSIONE DEI DATI LUOGO DI TRATTAMENTO DEI DATI TIPOLOGIA DI DATI TRATTATI E FINALITA\u2019 DEL TRATTAMENTO FACOLTATIVITA\u2019 DEL CONFERIMENTO DEI DATI MODALITA\u2019 DEL TRATTAMENTO DIRITTI DEGLI INTERESSATI PREMESSA In questa pagina si descrivono le modalit\u00e0 e le logiche del trattamento dei &hellip;<\/p>\n<p class=\"read-more\"> <a class=\"\" href=\"https:\/\/www.rigo-cranes.com\/it\/privacy-policy\/\"> <span class=\"screen-reader-text\">Privacy Policy<\/span> Leggi altro &raquo;<\/a><\/p>\n","protected":false},"author":1,"featured_media":0,"parent":0,"menu_order":0,"comment_status":"closed","ping_status":"open","template":"","meta":{"site-sidebar-layout":"default","site-content-layout":"default","ast-global-header-display":"","ast-main-header-display":"","ast-hfb-above-header-display":"","ast-hfb-below-header-display":"","ast-hfb-mobile-header-display":"","site-post-title":"","ast-breadcrumbs-content":"","ast-featured-img":"","footer-sml-layout":"","theme-transparent-header-meta":"","adv-header-id-meta":"","stick-header-meta":"","header-above-stick-meta":"","header-main-stick-meta":"","header-below-stick-meta":"","footnotes":""},"class_list":["post-3","page","type-page","status-publish","hentry"],"_links":{"self":[{"href":"https:\/\/www.rigo-cranes.com\/it\/wp-json\/wp\/v2\/pages\/3","targetHints":{"allow":["GET"]}}],"collection":[{"href":"https:\/\/www.rigo-cranes.com\/it\/wp-json\/wp\/v2\/pages"}],"about":[{"href":"https:\/\/www.rigo-cranes.com\/it\/wp-json\/wp\/v2\/types\/page"}],"author":[{"embeddable":true,"href":"https:\/\/www.rigo-cranes.com\/it\/wp-json\/wp\/v2\/users\/1"}],"replies":[{"embeddable":true,"href":"https:\/\/www.rigo-cranes.com\/it\/wp-json\/wp\/v2\/comments?post=3"}],"version-history":[{"count":18,"href":"https:\/\/www.rigo-cranes.com\/it\/wp-json\/wp\/v2\/pages\/3\/revisions"}],"predecessor-version":[{"id":2178,"href":"https:\/\/www.rigo-cranes.com\/it\/wp-json\/wp\/v2\/pages\/3\/revisions\/2178"}],"wp:attachment":[{"href":"https:\/\/www.rigo-cranes.com\/it\/wp-json\/wp\/v2\/media?parent=3"}],"curies":[{"name":"wp","href":"https:\/\/api.w.org\/{rel}","templated":true}]}}